{"id":18,"date":"2016-02-22T09:39:57","date_gmt":"2016-02-22T08:39:57","guid":{"rendered":"http:\/\/www.tpba.debica.net\/?page_id=18"},"modified":"2022-12-22T18:25:25","modified_gmt":"2022-12-22T17:25:25","slug":"1-procent","status":"publish","type":"page","link":"http:\/\/www.tpba.debica.net\/index.php\/1-procent\/","title":{"rendered":"1 procent"},"content":{"rendered":"<div class=\"entry-content\">\n<p class=\"naglowekTresc\">Towarzystwo Pomocy im. \u015bw. Brata Alberta Ko\u0142o D\u0119bica<\/p>\n<p>Towarzystwo Pomocy im. \u015aw. Brata Alberta jest katolick\u0105, niezale\u017cn\u0105 organizacj\u0105 dobroczynn\u0105 nios\u0105c\u0105 pomoc bezdomnym m\u0119\u017cczyznom, kobietom, samotnym matkom, ofiarom przemocy, dzieciom z rodzin ubogich, wi\u0119\u017aniom oraz osobom starszym i chorym w duchu \u015aw. Brata Alberta.<\/p>\n<p>Stworzylismy\u00a0 160 miejsc godnego \u017cycia dla os\u00f3b starszych i chorych, biednych i samotnych kobiet oraz m\u0119\u017cczyzn. Towarzystwo walczy o ludzi najbiedniejszych z biednych.<\/p>\n<p align=\"center\"><strong>Towarzystwo Pomocy im. \u015bw. Brata Alberta Ko\u0142o D\u0119bica<\/strong><\/p>\n<p align=\"center\">ul. \u015aw. Brata Alberta<\/p>\n<p align=\"center\">39-200 D\u0119bica<\/p>\n<p align=\"center\"><strong>Nr KRS 0000702983 z dopiskiem \u201eKo\u0142o D\u0119bica\u201d<\/strong><\/p>\n<p align=\"center\"><strong><a href=\"http:\/\/www.tpba.debica.net\">www.tpba.debica.net<\/a><\/strong><\/p>\n<\/div>\n","protected":false},"excerpt":{"rendered":"<p>Towarzystwo Pomocy im. \u015bw. Brata Alberta Ko\u0142o D\u0119bica Towarzystwo Pomocy im. \u015aw. Brata Alberta jest katolick\u0105, niezale\u017cn\u0105 organizacj\u0105 dobroczynn\u0105 nios\u0105c\u0105 pomoc bezdomnym m\u0119\u017cczyznom, kobietom, samotnym matkom, ofiarom przemocy, dzieciom z rodzin ubogich, wi\u0119\u017aniom oraz osobom starszym i chorym w duchu &hellip; <a href=\"http:\/\/www.tpba.debica.net\/index.php\/1-procent\/\">Czytaj dalej <span class=\"meta-nav\">&rarr;<\/span><\/a><\/p>\n","protected":false},"author":1,"featured_media":0,"parent":0,"menu_order":0,"comment_status":"closed","ping_status":"closed","template":"","meta":{"footnotes":""},"_links":{"self":[{"href":"http:\/\/www.tpba.debica.net\/index.php\/wp-json\/wp\/v2\/pages\/18"}],"collection":[{"href":"http:\/\/www.tpba.debica.net\/index.php\/wp-json\/wp\/v2\/pages"}],"about":[{"href":"http:\/\/www.tpba.debica.net\/index.php\/wp-json\/wp\/v2\/types\/page"}],"author":[{"embeddable":true,"href":"http:\/\/www.tpba.debica.net\/index.php\/wp-json\/wp\/v2\/users\/1"}],"replies":[{"embeddable":true,"href":"http:\/\/www.tpba.debica.net\/index.php\/wp-json\/wp\/v2\/comments?post=18"}],"version-history":[{"count":5,"href":"http:\/\/www.tpba.debica.net\/index.php\/wp-json\/wp\/v2\/pages\/18\/revisions"}],"predecessor-version":[{"id":254,"href":"http:\/\/www.tpba.debica.net\/index.php\/wp-json\/wp\/v2\/pages\/18\/revisions\/254"}],"wp:attachment":[{"href":"http:\/\/www.tpba.debica.net\/index.php\/wp-json\/wp\/v2\/media?parent=18"}],"curies":[{"name":"wp","href":"https:\/\/api.w.org\/{rel}","templated":true}]}}