{"id":40,"date":"2016-02-22T11:22:45","date_gmt":"2016-02-22T10:22:45","guid":{"rendered":"http:\/\/www.tpba.debica.net\/?page_id=40"},"modified":"2021-02-08T12:22:30","modified_gmt":"2021-02-08T11:22:30","slug":"zaklad-opiekunczo-pielegnacyjny-ul-brata-alberta-2","status":"publish","type":"page","link":"http:\/\/www.tpba.debica.net\/index.php\/zaklad-opiekunczo-pielegnacyjny-ul-brata-alberta-2\/","title":{"rendered":"Schronisko dla bezdomnych kobiet i m\u0119\u017cczyzn ul. \u015aw. Brata Alberta 2"},"content":{"rendered":"\n\n\n<figure class=\"wp-block-image size-large\"><img loading=\"lazy\" decoding=\"async\" width=\"1024\" height=\"768\" src=\"http:\/\/www.tpba.debica.net\/wp-content\/uploads\/1612783154227-1024x768.jpg\" alt=\"\" class=\"wp-image-189\" srcset=\"http:\/\/www.tpba.debica.net\/wp-content\/uploads\/1612783154227-1024x768.jpg 1024w, http:\/\/www.tpba.debica.net\/wp-content\/uploads\/1612783154227-300x225.jpg 300w, http:\/\/www.tpba.debica.net\/wp-content\/uploads\/1612783154227-1536x1152.jpg 1536w, http:\/\/www.tpba.debica.net\/wp-content\/uploads\/1612783154227-2048x1536.jpg 2048w\" sizes=\"(max-width: 1024px) 100vw, 1024px\" \/><\/figure>\n\n\n\n<figure class=\"wp-block-image size-large\"><img loading=\"lazy\" decoding=\"async\" width=\"1024\" height=\"768\" src=\"http:\/\/www.tpba.debica.net\/wp-content\/uploads\/1612783154235-1024x768.jpg\" alt=\"\" class=\"wp-image-190\" srcset=\"http:\/\/www.tpba.debica.net\/wp-content\/uploads\/1612783154235-1024x768.jpg 1024w, http:\/\/www.tpba.debica.net\/wp-content\/uploads\/1612783154235-300x225.jpg 300w, http:\/\/www.tpba.debica.net\/wp-content\/uploads\/1612783154235-1536x1152.jpg 1536w, http:\/\/www.tpba.debica.net\/wp-content\/uploads\/1612783154235-2048x1536.jpg 2048w\" sizes=\"(max-width: 1024px) 100vw, 1024px\" \/><\/figure>\n\n\n\n<figure class=\"wp-block-gallery columns-1 is-cropped wp-block-gallery-1 is-layout-flex wp-block-gallery-is-layout-flex\"><ul class=\"blocks-gallery-grid\"><li class=\"blocks-gallery-item\"><figure><img loading=\"lazy\" decoding=\"async\" width=\"1024\" height=\"768\" src=\"http:\/\/www.tpba.debica.net\/wp-content\/uploads\/1612783154241-1024x768.jpg\" alt=\"\" data-id=\"191\" data-full-url=\"http:\/\/www.tpba.debica.net\/wp-content\/uploads\/1612783154241-scaled.jpg\" data-link=\"http:\/\/www.tpba.debica.net\/index.php\/zaklad-opiekunczo-pielegnacyjny-ul-brata-alberta-2\/attachment\/1612783154241\/\" class=\"wp-image-191\" srcset=\"http:\/\/www.tpba.debica.net\/wp-content\/uploads\/1612783154241-1024x768.jpg 1024w, http:\/\/www.tpba.debica.net\/wp-content\/uploads\/1612783154241-300x225.jpg 300w, http:\/\/www.tpba.debica.net\/wp-content\/uploads\/1612783154241-1536x1152.jpg 1536w, http:\/\/www.tpba.debica.net\/wp-content\/uploads\/1612783154241-2048x1536.jpg 2048w\" sizes=\"(max-width: 1024px) 100vw, 1024px\" \/><\/figure><\/li><\/ul><\/figure>\n","protected":false},"excerpt":{"rendered":"","protected":false},"author":1,"featured_media":0,"parent":0,"menu_order":0,"comment_status":"closed","ping_status":"closed","template":"","meta":{"footnotes":""},"_links":{"self":[{"href":"http:\/\/www.tpba.debica.net\/index.php\/wp-json\/wp\/v2\/pages\/40"}],"collection":[{"href":"http:\/\/www.tpba.debica.net\/index.php\/wp-json\/wp\/v2\/pages"}],"about":[{"href":"http:\/\/www.tpba.debica.net\/index.php\/wp-json\/wp\/v2\/types\/page"}],"author":[{"embeddable":true,"href":"http:\/\/www.tpba.debica.net\/index.php\/wp-json\/wp\/v2\/users\/1"}],"replies":[{"embeddable":true,"href":"http:\/\/www.tpba.debica.net\/index.php\/wp-json\/wp\/v2\/comments?post=40"}],"version-history":[{"count":4,"href":"http:\/\/www.tpba.debica.net\/index.php\/wp-json\/wp\/v2\/pages\/40\/revisions"}],"predecessor-version":[{"id":192,"href":"http:\/\/www.tpba.debica.net\/index.php\/wp-json\/wp\/v2\/pages\/40\/revisions\/192"}],"wp:attachment":[{"href":"http:\/\/www.tpba.debica.net\/index.php\/wp-json\/wp\/v2\/media?parent=40"}],"curies":[{"name":"wp","href":"https:\/\/api.w.org\/{rel}","templated":true}]}}